{"id":51,"date":"2017-01-02T09:47:42","date_gmt":"2017-01-02T11:47:42","guid":{"rendered":"http:\/\/www.prefeituradesaogoncalo.org\/?page_id=51"},"modified":"2017-09-19T14:58:47","modified_gmt":"2017-09-19T17:58:47","slug":"secretarias-prefeitura-de-sao-goncalo","status":"publish","type":"page","link":"https:\/\/www.encontrasaogoncalo.com.br\/prefeitura-de-sao-goncalo\/secretarias-prefeitura-de-sao-goncalo\/","title":{"rendered":"Secretarias Prefeitura de S\u00e3o Gon\u00e7alo"},"content":{"rendered":"<h1>Hor\u00e1rios\u00a0de\u00a0atendimento\u00a0das\u00a0secretarias da Prefeitura de S\u00e3o Gon\u00e7alo<\/h1>\n<p>Ao todo somam-se 18\u00a0<a href=\"https:\/\/www.encontrasaogoncalo.com.br\/prefeitura-de-sao-goncalo\/secretarias\/\">secretarias da Prefeitura Municipal\u00a0de S\u00e3o Gon\u00e7alo<\/a>. Confira o endere\u00e7o e telefone de cada uma delas.<\/p>\n<p><strong>Secretaria Municipal de Seguran\u00e7a P\u00fablica<\/strong><br \/>\nEndere\u00e7o: Rua Feliciano Sodr\u00e9, 100 \u2013 Centro \u2013 S\u00e3o Gon\u00e7alo &#8211; RJ<br \/>\nTelefone: (21) 3262-3641<br \/>\nAtendimento: 9h \u00e0s 16h30<\/p>\n<p><strong>Secretaria Municipal de Governo e Comunica\u00e7\u00e3o Social<\/strong><br \/>\nEndere\u00e7o: Rua Feliciano Sodr\u00e9, 100 \u2013 Centro \u2013 S\u00e3o Gon\u00e7alo &#8211; RJ<br \/>\nTelefone:\u00a0(21) 2199-6407<br \/>\nAtendimento:\u00a09h \u00e0s 16h30<\/p>\n<p><strong>Subsecretaria Municipal de Comunica\u00e7\u00e3o Social<\/strong><br \/>\nEndere\u00e7o: Rua Feliciano Sodr\u00e9, 100 \u2013 Centro \u2013 S\u00e3o Gon\u00e7alo &#8211; RJ<br \/>\nTelefone: (21) 2199-6445<br \/>\nAtendimento:\u00a09h \u00e0s 16h30<\/p>\n<p><strong>Secretaria Municipal de Compras e Licita\u00e7\u00f5es<\/strong><br \/>\nEndere\u00e7o: Rua Feliciano Sodr\u00e9, 100 \u2013 Centro \u2013 S\u00e3o Gon\u00e7alo &#8211; RJ<br \/>\nTelefone: (21) 2199-6429 | 2199-6436<br \/>\nAtendimento:\u00a09h \u00e0s 16h30<\/p>\n<p><strong>Secretaria Municipal de Esporte e Lazer<\/strong><br \/>\nEndere\u00e7o: Rua Feliciano Sodr\u00e9, 100 \u2013 Centro \u2013 S\u00e3o Gon\u00e7alo &#8211; RJ<br \/>\nTelefone: (21) 3262-3639 | 3262-3590 | 3262-3596<br \/>\nAtendimento:\u00a09h \u00e0s 16h30<\/p>\n<p><strong>Secretaria Municipal de Meio Ambiente<\/strong><br \/>\nEndere\u00e7o: Rua Feliciano Sodr\u00e9, 100 \u2013 Centro \u2013 S\u00e3o Gon\u00e7alo &#8211; RJ<br \/>\nTelefone: (21) 2199-6511 \/ 2199-6549<br \/>\nAtendimento:\u00a09h \u00e0s 16h30<\/p>\n<p><strong>Secretaria Municipal de Transporte<\/strong><br \/>\nEndere\u00e7o: Rua Feliciano Sodr\u00e9, 100 \u2013 Centro \u2013 S\u00e3o Gon\u00e7alo &#8211; RJ<br \/>\nAtendimento:\u00a09h \u00e0s 16h30<\/p>\n<p><strong>Secretaria Municipal de Pol\u00edticas P\u00fablicas para o Idoso, Mulher e Pessoa com Defici\u00eancia<\/strong><br \/>\nEndere\u00e7o: Rua Feliciano Sodr\u00e9, 100 \u2013 Centro \u2013 S\u00e3o Gon\u00e7alo &#8211; RJ<br \/>\nTelefone: (21) 3262-3580 | 3262-8667<br \/>\nAtendimento:\u00a09h \u00e0s 16h30<\/p>\n<p><strong>Secretaria Municipal de Planejamento e Projetos Especiais<\/strong><br \/>\nEndere\u00e7o: Rua Feliciano Sodr\u00e9, 100 \u2013 Centro \u2013 S\u00e3o Gon\u00e7alo &#8211; RJ<br \/>\nTelefone: (21) 2199-6381 | 2199-6434<br \/>\nAtendimento:\u00a09h \u00e0s 16h30<\/p>\n<p><strong>Secretaria Municipal de Sa\u00fade e Funda\u00e7\u00e3o Municipal de Sa\u00fade<\/strong><br \/>\nEndere\u00e7o: Rua Feliciano Sodr\u00e9, 100 \u2013 Centro \u2013 S\u00e3o Gon\u00e7alo &#8211; RJ<br \/>\nTelefone: (21) 2199-6800 | 2199-6820 | 2199-6830 | 2199-6804<br \/>\nAtendimento:\u00a09h \u00e0s 16h30<\/p>\n<p><strong>Secretaria Municipal de Fazenda<\/strong><br \/>\nEndere\u00e7o: Rua Feliciano Sodr\u00e9, 100 \u2013 Centro \u2013 S\u00e3o Gon\u00e7alo &#8211; RJ<br \/>\nTelefone: (21) 2199-6390 | 2199-6344 | 2199-6398<br \/>\nAtendimento:\u00a09h \u00e0s 16h30<\/p>\n<p><strong>Secretaria Municipal de Desenvolvimento Econ\u00f4mico, Ci\u00eancia e Tecnologia, Agricultura, Pesca e Trabalho<\/strong><br \/>\nEndere\u00e7o: Rua Feliciano Sodr\u00e9, 100 \u2013 Centro \u2013 S\u00e3o Gon\u00e7alo &#8211; RJ<br \/>\nTelefone: (21) 2199-6308 | 2199-6325<br \/>\nAtendimento:\u00a09h \u00e0s 16h30<\/p>\n<p><strong>Secretaria Municipal de Desenvolvimento Social, Habita\u00e7\u00e3o, Inf\u00e2ncia e Adolesc\u00eancia<\/strong><br \/>\nEndere\u00e7o: Rua Feliciano Sodr\u00e9, 100 \u2013 Centro \u2013 S\u00e3o Gon\u00e7alo &#8211; RJ<br \/>\nTelefone: (21) 2701-5926<br \/>\nAtendimento:\u00a09h \u00e0s 16h30<\/p>\n<p><strong>Secretaria Municipal de Controle Interno<\/strong><br \/>\nEndere\u00e7o: Rua Feliciano Sodr\u00e9, 100 \u2013 Centro \u2013 S\u00e3o Gon\u00e7alo &#8211; RJ<br \/>\nTelefone: (21) 2199-6448 | 2199-6428<br \/>\nAtendimento:\u00a09h \u00e0s 16h30<\/p>\n<p><strong>Secretaria Municipal de Educa\u00e7\u00e3o<\/strong><br \/>\nEndere\u00e7o: Rua Feliciano Sodr\u00e9, 100 \u2013 Centro \u2013 S\u00e3o Gon\u00e7alo &#8211; RJ<br \/>\nTelefone: (21) 2199-6500 | 2199-6517 | 2199-6520<br \/>\nAtendimento:\u00a09h \u00e0s 16h30<\/p>\n<p><strong>Secretaria Municipal de Cultura e Turismo e Funda\u00e7\u00e3o de Artes de S\u00e3o Gon\u00e7alo<\/strong><br \/>\nEndere\u00e7o: Rua Feliciano Sodr\u00e9, 100 \u2013 Centro \u2013 S\u00e3o Gon\u00e7alo &#8211; RJ<br \/>\nTelefone: (21) 2199-6514 | 2199-6519<br \/>\nAtendimento:\u00a09h \u00e0s 16h30<\/p>\n<p><strong>Secretaria Municipal de Desenvolvimento Urbano<\/strong><br \/>\nEndere\u00e7o: Rua Feliciano Sodr\u00e9, 100 \u2013 Centro \u2013 S\u00e3o Gon\u00e7alo &#8211; RJ<br \/>\nTelefone: (21) 2199-6369 \/ 2199-6380<br \/>\nAtendimento:\u00a09h \u00e0s 16h30<\/p>\n<p><strong>Secretaria Municipal de Administra\u00e7\u00e3o<\/strong><br \/>\nEndere\u00e7o: Rua Feliciano Sodr\u00e9, 100 \u2013 Centro \u2013 S\u00e3o Gon\u00e7alo &#8211; RJ<br \/>\nTelefone: (21) 2199-6339 | 2199-6376<br \/>\nAtendimento:\u00a09h \u00e0s 16h30<\/p>\n","protected":false},"excerpt":{"rendered":"<p>Hor\u00e1rios\u00a0de\u00a0atendimento\u00a0das\u00a0secretarias da Prefeitura de S\u00e3o Gon\u00e7alo Ao todo somam-se 18\u00a0secretarias da Prefeitura Municipal\u00a0de S\u00e3o Gon\u00e7alo. Confira o endere\u00e7o e telefone de cada uma delas. Secretaria Municipal de Seguran\u00e7a P\u00fablica Endere\u00e7o: Rua Feliciano Sodr\u00e9, 100 \u2013 Centro \u2013 S\u00e3o Gon\u00e7alo &#8211; RJ Telefone: (21) 3262-3641 Atendimento: 9h \u00e0s 16h30 Secretaria Municipal de Governo e Comunica\u00e7\u00e3o Social [&hellip;]<\/p>\n","protected":false},"author":1,"featured_media":0,"parent":0,"menu_order":0,"comment_status":"closed","ping_status":"closed","template":"","meta":{"footnotes":""},"class_list":["post-51","page","type-page","status-publish","hentry"],"yoast_head":"<!-- This site is optimized with the Yoast SEO plugin v26.0 - https:\/\/yoast.com\/wordpress\/plugins\/seo\/ -->\n<title>Secretarias - Prefeitura Municipal de S\u00e3o Gon\u00e7alo - RJ<\/title>\n<meta name=\"description\" content=\"Confira o endere\u00e7o e telefone das 18 secretarias que a prefeitura de S\u00e3o Gon\u00e7alo estabeleceu para resolver os principais assuntos da cidade.\" \/>\n<meta name=\"robots\" content=\"index, follow, max-snippet:-1, max-image-preview:large, max-video-preview:-1\" \/>\n<link rel=\"canonical\" href=\"https:\/\/www.encontrasaogoncalo.com.br\/prefeitura-de-sao-goncalo\/secretarias-prefeitura-de-sao-goncalo\/\" \/>\n<meta property=\"og:locale\" content=\"pt_BR\" \/>\n<meta property=\"og:type\" content=\"article\" \/>\n<meta property=\"og:title\" content=\"Secretarias - Prefeitura Municipal de S\u00e3o Gon\u00e7alo - RJ\" \/>\n<meta property=\"og:description\" content=\"Confira o endere\u00e7o e telefone das 18 secretarias que a prefeitura de S\u00e3o Gon\u00e7alo estabeleceu para resolver os principais assuntos da cidade.\" \/>\n<meta property=\"og:url\" content=\"https:\/\/www.encontrasaogoncalo.com.br\/prefeitura-de-sao-goncalo\/secretarias-prefeitura-de-sao-goncalo\/\" \/>\n<meta property=\"og:site_name\" content=\"S\u00e3oGon\u00e7alo\" \/>\n<meta property=\"article:modified_time\" content=\"2017-09-19T17:58:47+00:00\" \/>\n<meta name=\"twitter:card\" content=\"summary_large_image\" \/>\n<meta name=\"twitter:label1\" content=\"Est. tempo de leitura\" \/>\n\t<meta name=\"twitter:data1\" content=\"3 minutos\" \/>\n<script type=\"application\/ld+json\" class=\"yoast-schema-graph\">{\"@context\":\"https:\/\/schema.org\",\"@graph\":[{\"@type\":\"WebPage\",\"@id\":\"https:\/\/www.encontrasaogoncalo.com.br\/prefeitura-de-sao-goncalo\/secretarias-prefeitura-de-sao-goncalo\/\",\"url\":\"https:\/\/www.encontrasaogoncalo.com.br\/prefeitura-de-sao-goncalo\/secretarias-prefeitura-de-sao-goncalo\/\",\"name\":\"Secretarias - Prefeitura Municipal de S\u00e3o Gon\u00e7alo - RJ\",\"isPartOf\":{\"@id\":\"https:\/\/www.encontrasaogoncalo.com.br\/prefeitura-de-sao-goncalo\/#website\"},\"datePublished\":\"2017-01-02T11:47:42+00:00\",\"dateModified\":\"2017-09-19T17:58:47+00:00\",\"description\":\"Confira o endere\u00e7o e telefone das 18 secretarias que a prefeitura de S\u00e3o Gon\u00e7alo estabeleceu para resolver os principais assuntos da cidade.\",\"breadcrumb\":{\"@id\":\"https:\/\/www.encontrasaogoncalo.com.br\/prefeitura-de-sao-goncalo\/secretarias-prefeitura-de-sao-goncalo\/#breadcrumb\"},\"inLanguage\":\"pt-BR\",\"potentialAction\":[{\"@type\":\"ReadAction\",\"target\":[\"https:\/\/www.encontrasaogoncalo.com.br\/prefeitura-de-sao-goncalo\/secretarias-prefeitura-de-sao-goncalo\/\"]}]},{\"@type\":\"BreadcrumbList\",\"@id\":\"https:\/\/www.encontrasaogoncalo.com.br\/prefeitura-de-sao-goncalo\/secretarias-prefeitura-de-sao-goncalo\/#breadcrumb\",\"itemListElement\":[{\"@type\":\"ListItem\",\"position\":1,\"name\":\"In\u00edcio\",\"item\":\"https:\/\/www.encontrasaogoncalo.com.br\/prefeitura-de-sao-goncalo\/\"},{\"@type\":\"ListItem\",\"position\":2,\"name\":\"Secretarias Prefeitura de S\u00e3o Gon\u00e7alo\"}]},{\"@type\":\"WebSite\",\"@id\":\"https:\/\/www.encontrasaogoncalo.com.br\/prefeitura-de-sao-goncalo\/#website\",\"url\":\"https:\/\/www.encontrasaogoncalo.com.br\/prefeitura-de-sao-goncalo\/\",\"name\":\"S\u00e3oGon\u00e7alo\",\"description\":\"Prefeitura Municipal de S&atilde;o Gon&ccedil;alo\",\"potentialAction\":[{\"@type\":\"SearchAction\",\"target\":{\"@type\":\"EntryPoint\",\"urlTemplate\":\"https:\/\/www.encontrasaogoncalo.com.br\/prefeitura-de-sao-goncalo\/?s={search_term_string}\"},\"query-input\":{\"@type\":\"PropertyValueSpecification\",\"valueRequired\":true,\"valueName\":\"search_term_string\"}}],\"inLanguage\":\"pt-BR\"}]}<\/script>\n<!-- \/ Yoast SEO plugin. -->","yoast_head_json":{"title":"Secretarias - Prefeitura Municipal de S\u00e3o Gon\u00e7alo - RJ","description":"Confira o endere\u00e7o e telefone das 18 secretarias que a prefeitura de S\u00e3o Gon\u00e7alo estabeleceu para resolver os principais assuntos da cidade.","robots":{"index":"index","follow":"follow","max-snippet":"max-snippet:-1","max-image-preview":"max-image-preview:large","max-video-preview":"max-video-preview:-1"},"canonical":"https:\/\/www.encontrasaogoncalo.com.br\/prefeitura-de-sao-goncalo\/secretarias-prefeitura-de-sao-goncalo\/","og_locale":"pt_BR","og_type":"article","og_title":"Secretarias - Prefeitura Municipal de S\u00e3o Gon\u00e7alo - RJ","og_description":"Confira o endere\u00e7o e telefone das 18 secretarias que a prefeitura de S\u00e3o Gon\u00e7alo estabeleceu para resolver os principais assuntos da cidade.","og_url":"https:\/\/www.encontrasaogoncalo.com.br\/prefeitura-de-sao-goncalo\/secretarias-prefeitura-de-sao-goncalo\/","og_site_name":"S\u00e3oGon\u00e7alo","article_modified_time":"2017-09-19T17:58:47+00:00","twitter_card":"summary_large_image","twitter_misc":{"Est. tempo de leitura":"3 minutos"},"schema":{"@context":"https:\/\/schema.org","@graph":[{"@type":"WebPage","@id":"https:\/\/www.encontrasaogoncalo.com.br\/prefeitura-de-sao-goncalo\/secretarias-prefeitura-de-sao-goncalo\/","url":"https:\/\/www.encontrasaogoncalo.com.br\/prefeitura-de-sao-goncalo\/secretarias-prefeitura-de-sao-goncalo\/","name":"Secretarias - Prefeitura Municipal de S\u00e3o Gon\u00e7alo - RJ","isPartOf":{"@id":"https:\/\/www.encontrasaogoncalo.com.br\/prefeitura-de-sao-goncalo\/#website"},"datePublished":"2017-01-02T11:47:42+00:00","dateModified":"2017-09-19T17:58:47+00:00","description":"Confira o endere\u00e7o e telefone das 18 secretarias que a prefeitura de S\u00e3o Gon\u00e7alo estabeleceu para resolver os principais assuntos da cidade.","breadcrumb":{"@id":"https:\/\/www.encontrasaogoncalo.com.br\/prefeitura-de-sao-goncalo\/secretarias-prefeitura-de-sao-goncalo\/#breadcrumb"},"inLanguage":"pt-BR","potentialAction":[{"@type":"ReadAction","target":["https:\/\/www.encontrasaogoncalo.com.br\/prefeitura-de-sao-goncalo\/secretarias-prefeitura-de-sao-goncalo\/"]}]},{"@type":"BreadcrumbList","@id":"https:\/\/www.encontrasaogoncalo.com.br\/prefeitura-de-sao-goncalo\/secretarias-prefeitura-de-sao-goncalo\/#breadcrumb","itemListElement":[{"@type":"ListItem","position":1,"name":"In\u00edcio","item":"https:\/\/www.encontrasaogoncalo.com.br\/prefeitura-de-sao-goncalo\/"},{"@type":"ListItem","position":2,"name":"Secretarias Prefeitura de S\u00e3o Gon\u00e7alo"}]},{"@type":"WebSite","@id":"https:\/\/www.encontrasaogoncalo.com.br\/prefeitura-de-sao-goncalo\/#website","url":"https:\/\/www.encontrasaogoncalo.com.br\/prefeitura-de-sao-goncalo\/","name":"S\u00e3oGon\u00e7alo","description":"Prefeitura Municipal de S&atilde;o Gon&ccedil;alo","potentialAction":[{"@type":"SearchAction","target":{"@type":"EntryPoint","urlTemplate":"https:\/\/www.encontrasaogoncalo.com.br\/prefeitura-de-sao-goncalo\/?s={search_term_string}"},"query-input":{"@type":"PropertyValueSpecification","valueRequired":true,"valueName":"search_term_string"}}],"inLanguage":"pt-BR"}]}},"_links":{"self":[{"href":"https:\/\/www.encontrasaogoncalo.com.br\/prefeitura-de-sao-goncalo\/wp-json\/wp\/v2\/pages\/51","targetHints":{"allow":["GET"]}}],"collection":[{"href":"https:\/\/www.encontrasaogoncalo.com.br\/prefeitura-de-sao-goncalo\/wp-json\/wp\/v2\/pages"}],"about":[{"href":"https:\/\/www.encontrasaogoncalo.com.br\/prefeitura-de-sao-goncalo\/wp-json\/wp\/v2\/types\/page"}],"author":[{"embeddable":true,"href":"https:\/\/www.encontrasaogoncalo.com.br\/prefeitura-de-sao-goncalo\/wp-json\/wp\/v2\/users\/1"}],"replies":[{"embeddable":true,"href":"https:\/\/www.encontrasaogoncalo.com.br\/prefeitura-de-sao-goncalo\/wp-json\/wp\/v2\/comments?post=51"}],"version-history":[{"count":2,"href":"https:\/\/www.encontrasaogoncalo.com.br\/prefeitura-de-sao-goncalo\/wp-json\/wp\/v2\/pages\/51\/revisions"}],"predecessor-version":[{"id":678,"href":"https:\/\/www.encontrasaogoncalo.com.br\/prefeitura-de-sao-goncalo\/wp-json\/wp\/v2\/pages\/51\/revisions\/678"}],"wp:attachment":[{"href":"https:\/\/www.encontrasaogoncalo.com.br\/prefeitura-de-sao-goncalo\/wp-json\/wp\/v2\/media?parent=51"}],"curies":[{"name":"wp","href":"https:\/\/api.w.org\/{rel}","templated":true}]}}