{"id":535,"date":"2017-02-02T09:02:20","date_gmt":"2017-02-02T11:02:20","guid":{"rendered":"http:\/\/www.prefeituradesaogoncalo.org\/?page_id=535"},"modified":"2017-08-24T19:04:15","modified_gmt":"2017-08-24T22:04:15","slug":"contra-cheque-prefeitura-de-sao-goncalo","status":"publish","type":"page","link":"https:\/\/www.encontrasaogoncalo.com.br\/prefeitura-de-sao-goncalo\/contra-cheque-prefeitura-de-sao-goncalo\/","title":{"rendered":"Contra Cheque Prefeitura de S&atilde;o Gon&ccedil;alo"},"content":{"rendered":"<p class=\"entry-title\"><img loading=\"lazy\" decoding=\"async\" class=\"alignleft wp-image-588\" src=\"http:\/\/www.prefeituradesaogoncalo.org\/wp-content\/uploads\/2017\/02\/contra-cheque.jpg\" alt=\"\" width=\"400\" height=\"201\" srcset=\"https:\/\/www.encontrasaogoncalo.com.br\/prefeitura-de-sao-goncalo\/wp-content\/uploads\/2017\/02\/contra-cheque.jpg 316w, https:\/\/www.encontrasaogoncalo.com.br\/prefeitura-de-sao-goncalo\/wp-content\/uploads\/2017\/02\/contra-cheque-300x151.jpg 300w\" sizes=\"auto, (max-width: 400px) 100vw, 400px\" \/>Se voc\u00ea \u00e9 um\u00a0Servidor Municipal (ativo, inativo, aposentado ou pensionista) tem direito a consultar o <a href=\"https:\/\/www.encontrasaogoncalo.com.br\/prefeitura-de-sao-goncalo\/contra-cheque-prefeitura-de-sao-goncalo\/\">Contra Cheque da Prefeitura de S\u00e3o Gon\u00e7alo &#8211; RJ<\/a> sempre que achar necess\u00e1rio. Para realizar o acesso voc\u00ea deve ter em m\u00e3os ou o n\u00famero da sua matr\u00edcula ou o n\u00famero do seu CPF.<\/p>\n<p><strong>O que \u00e9 o Contra Cheque da Prefeitura de S\u00e3o Gon\u00e7alo?<\/strong><br \/>\n\u00c9 o comprovante mensal no qual constam todas as vantagens recebidas, eventuais descontos e a quantia l\u00edquida a ser paga.<\/p>\n<p><strong><br \/>\nQuando \u00e9 disponibilizado o Contra Cheque da Prefeitura de S\u00e3o Gon\u00e7alo &#8211; RJ?<\/strong><br \/>\nA disponibiliza\u00e7\u00e3o do contracheque acontece sempre ap\u00f3s o fechamento da folha de pagamento, que ocorre em dias variados, dependendo das implanta\u00e7\u00f5es salariais da folha de pagamento.<\/p>\n<p>Ao acessar o <strong>Contra Cheque da Prefeitura Municipal de S\u00e3o Gon\u00e7alo<\/strong> voc\u00ea ter\u00e1 acesso\u00a0online \u00e0s informa\u00e7\u00f5es funcionais, como:<\/p>\n<ul>\n<li>Comprovante de rendimentos pagos;<\/li>\n<li>Holerites;<\/li>\n<li>Comprovante de imposto sobre renda retido na fonte.<\/li>\n<\/ul>\n<p>Para emiss\u00e3o do Contra Cheque da Prefeitura de S\u00e3o Gon\u00e7alo, utilize o link:\u00a0<a href=\"http:\/\/portal.pmsg.rj.gov.br\/pmsaogoncalo\/websis\/siapegov\/recursos_humanos\/grh\/grh_rh_online.php#\" target=\"_blank\" rel=\"noopener noreferrer\">http:\/\/portal.pmsg.rj.gov.br\/pmsaogoncalo\/websis\/siapegov\/recursos_humanos\/grh\/grh_rh_online.php#<\/a><\/p>\n<p>*Este site n\u00e3o coleta dados, voc\u00ea ser\u00e1 redirecionado ao sistema oficial da Prefeitura de S\u00e3o Gon\u00e7alo.<\/p>\n","protected":false},"excerpt":{"rendered":"<p>Se voc\u00ea \u00e9 um\u00a0Servidor Municipal (ativo, inativo, aposentado ou pensionista) tem direito a consultar o Contra Cheque da Prefeitura de S\u00e3o Gon\u00e7alo &#8211; RJ sempre que achar necess\u00e1rio. Para realizar o acesso voc\u00ea deve ter em m\u00e3os ou o n\u00famero da sua matr\u00edcula ou o n\u00famero do seu CPF. O que \u00e9 o Contra Cheque [&hellip;]<\/p>\n","protected":false},"author":1,"featured_media":0,"parent":0,"menu_order":0,"comment_status":"closed","ping_status":"closed","template":"","meta":{"footnotes":""},"class_list":["post-535","page","type-page","status-publish","hentry"],"yoast_head":"<!-- This site is optimized with the Yoast SEO plugin v26.0 - https:\/\/yoast.com\/wordpress\/plugins\/seo\/ -->\n<title>Contra Cheque - Prefeitura Municipal de S\u00e3o Gon\u00e7alo - RJ<\/title>\n<meta name=\"description\" content=\"Veja informa\u00e7\u00f5es sobre Contra Cheque dos Servidores da Prefeitura Municipal de S\u00e3o Gon\u00e7alo\" \/>\n<meta name=\"robots\" content=\"index, follow, max-snippet:-1, max-image-preview:large, max-video-preview:-1\" \/>\n<link rel=\"canonical\" href=\"https:\/\/www.encontrasaogoncalo.com.br\/prefeitura-de-sao-goncalo\/contra-cheque-prefeitura-de-sao-goncalo\/\" \/>\n<meta property=\"og:locale\" content=\"pt_BR\" \/>\n<meta property=\"og:type\" content=\"article\" \/>\n<meta property=\"og:title\" content=\"Contra Cheque - Prefeitura Municipal de S\u00e3o Gon\u00e7alo - RJ\" \/>\n<meta property=\"og:description\" content=\"Veja informa\u00e7\u00f5es sobre Contra Cheque dos Servidores da Prefeitura Municipal de S\u00e3o Gon\u00e7alo\" \/>\n<meta property=\"og:url\" content=\"https:\/\/www.encontrasaogoncalo.com.br\/prefeitura-de-sao-goncalo\/contra-cheque-prefeitura-de-sao-goncalo\/\" \/>\n<meta property=\"og:site_name\" content=\"S\u00e3oGon\u00e7alo\" \/>\n<meta property=\"article:modified_time\" content=\"2017-08-24T22:04:15+00:00\" \/>\n<meta property=\"og:image\" content=\"http:\/\/www.prefeituradesaogoncalo.org\/wp-content\/uploads\/2017\/02\/contra-cheque.jpg\" \/>\n<meta name=\"twitter:card\" content=\"summary_large_image\" \/>\n<meta name=\"twitter:label1\" content=\"Est. tempo de leitura\" \/>\n\t<meta name=\"twitter:data1\" content=\"1 minuto\" \/>\n<script type=\"application\/ld+json\" class=\"yoast-schema-graph\">{\"@context\":\"https:\/\/schema.org\",\"@graph\":[{\"@type\":\"WebPage\",\"@id\":\"https:\/\/www.encontrasaogoncalo.com.br\/prefeitura-de-sao-goncalo\/contra-cheque-prefeitura-de-sao-goncalo\/\",\"url\":\"https:\/\/www.encontrasaogoncalo.com.br\/prefeitura-de-sao-goncalo\/contra-cheque-prefeitura-de-sao-goncalo\/\",\"name\":\"Contra Cheque - Prefeitura Municipal de S\u00e3o Gon\u00e7alo - RJ\",\"isPartOf\":{\"@id\":\"https:\/\/www.encontrasaogoncalo.com.br\/prefeitura-de-sao-goncalo\/#website\"},\"primaryImageOfPage\":{\"@id\":\"https:\/\/www.encontrasaogoncalo.com.br\/prefeitura-de-sao-goncalo\/contra-cheque-prefeitura-de-sao-goncalo\/#primaryimage\"},\"image\":{\"@id\":\"https:\/\/www.encontrasaogoncalo.com.br\/prefeitura-de-sao-goncalo\/contra-cheque-prefeitura-de-sao-goncalo\/#primaryimage\"},\"thumbnailUrl\":\"http:\/\/www.prefeituradesaogoncalo.org\/wp-content\/uploads\/2017\/02\/contra-cheque.jpg\",\"datePublished\":\"2017-02-02T11:02:20+00:00\",\"dateModified\":\"2017-08-24T22:04:15+00:00\",\"description\":\"Veja informa\u00e7\u00f5es sobre Contra Cheque dos Servidores da Prefeitura Municipal de S\u00e3o Gon\u00e7alo\",\"breadcrumb\":{\"@id\":\"https:\/\/www.encontrasaogoncalo.com.br\/prefeitura-de-sao-goncalo\/contra-cheque-prefeitura-de-sao-goncalo\/#breadcrumb\"},\"inLanguage\":\"pt-BR\",\"potentialAction\":[{\"@type\":\"ReadAction\",\"target\":[\"https:\/\/www.encontrasaogoncalo.com.br\/prefeitura-de-sao-goncalo\/contra-cheque-prefeitura-de-sao-goncalo\/\"]}]},{\"@type\":\"ImageObject\",\"inLanguage\":\"pt-BR\",\"@id\":\"https:\/\/www.encontrasaogoncalo.com.br\/prefeitura-de-sao-goncalo\/contra-cheque-prefeitura-de-sao-goncalo\/#primaryimage\",\"url\":\"http:\/\/www.prefeituradesaogoncalo.org\/wp-content\/uploads\/2017\/02\/contra-cheque.jpg\",\"contentUrl\":\"http:\/\/www.prefeituradesaogoncalo.org\/wp-content\/uploads\/2017\/02\/contra-cheque.jpg\"},{\"@type\":\"BreadcrumbList\",\"@id\":\"https:\/\/www.encontrasaogoncalo.com.br\/prefeitura-de-sao-goncalo\/contra-cheque-prefeitura-de-sao-goncalo\/#breadcrumb\",\"itemListElement\":[{\"@type\":\"ListItem\",\"position\":1,\"name\":\"In\u00edcio\",\"item\":\"https:\/\/www.encontrasaogoncalo.com.br\/prefeitura-de-sao-goncalo\/\"},{\"@type\":\"ListItem\",\"position\":2,\"name\":\"Contra Cheque Prefeitura de S&atilde;o Gon&ccedil;alo\"}]},{\"@type\":\"WebSite\",\"@id\":\"https:\/\/www.encontrasaogoncalo.com.br\/prefeitura-de-sao-goncalo\/#website\",\"url\":\"https:\/\/www.encontrasaogoncalo.com.br\/prefeitura-de-sao-goncalo\/\",\"name\":\"S\u00e3oGon\u00e7alo\",\"description\":\"Prefeitura Municipal de S&atilde;o Gon&ccedil;alo\",\"potentialAction\":[{\"@type\":\"SearchAction\",\"target\":{\"@type\":\"EntryPoint\",\"urlTemplate\":\"https:\/\/www.encontrasaogoncalo.com.br\/prefeitura-de-sao-goncalo\/?s={search_term_string}\"},\"query-input\":{\"@type\":\"PropertyValueSpecification\",\"valueRequired\":true,\"valueName\":\"search_term_string\"}}],\"inLanguage\":\"pt-BR\"}]}<\/script>\n<!-- \/ Yoast SEO plugin. -->","yoast_head_json":{"title":"Contra Cheque - Prefeitura Municipal de S\u00e3o Gon\u00e7alo - RJ","description":"Veja informa\u00e7\u00f5es sobre Contra Cheque dos Servidores da Prefeitura Municipal de S\u00e3o Gon\u00e7alo","robots":{"index":"index","follow":"follow","max-snippet":"max-snippet:-1","max-image-preview":"max-image-preview:large","max-video-preview":"max-video-preview:-1"},"canonical":"https:\/\/www.encontrasaogoncalo.com.br\/prefeitura-de-sao-goncalo\/contra-cheque-prefeitura-de-sao-goncalo\/","og_locale":"pt_BR","og_type":"article","og_title":"Contra Cheque - Prefeitura Municipal de S\u00e3o Gon\u00e7alo - RJ","og_description":"Veja informa\u00e7\u00f5es sobre Contra Cheque dos Servidores da Prefeitura Municipal de S\u00e3o Gon\u00e7alo","og_url":"https:\/\/www.encontrasaogoncalo.com.br\/prefeitura-de-sao-goncalo\/contra-cheque-prefeitura-de-sao-goncalo\/","og_site_name":"S\u00e3oGon\u00e7alo","article_modified_time":"2017-08-24T22:04:15+00:00","og_image":[{"url":"http:\/\/www.prefeituradesaogoncalo.org\/wp-content\/uploads\/2017\/02\/contra-cheque.jpg","type":"","width":"","height":""}],"twitter_card":"summary_large_image","twitter_misc":{"Est. tempo de leitura":"1 minuto"},"schema":{"@context":"https:\/\/schema.org","@graph":[{"@type":"WebPage","@id":"https:\/\/www.encontrasaogoncalo.com.br\/prefeitura-de-sao-goncalo\/contra-cheque-prefeitura-de-sao-goncalo\/","url":"https:\/\/www.encontrasaogoncalo.com.br\/prefeitura-de-sao-goncalo\/contra-cheque-prefeitura-de-sao-goncalo\/","name":"Contra Cheque - Prefeitura Municipal de S\u00e3o Gon\u00e7alo - RJ","isPartOf":{"@id":"https:\/\/www.encontrasaogoncalo.com.br\/prefeitura-de-sao-goncalo\/#website"},"primaryImageOfPage":{"@id":"https:\/\/www.encontrasaogoncalo.com.br\/prefeitura-de-sao-goncalo\/contra-cheque-prefeitura-de-sao-goncalo\/#primaryimage"},"image":{"@id":"https:\/\/www.encontrasaogoncalo.com.br\/prefeitura-de-sao-goncalo\/contra-cheque-prefeitura-de-sao-goncalo\/#primaryimage"},"thumbnailUrl":"http:\/\/www.prefeituradesaogoncalo.org\/wp-content\/uploads\/2017\/02\/contra-cheque.jpg","datePublished":"2017-02-02T11:02:20+00:00","dateModified":"2017-08-24T22:04:15+00:00","description":"Veja informa\u00e7\u00f5es sobre Contra Cheque dos Servidores da Prefeitura Municipal de S\u00e3o Gon\u00e7alo","breadcrumb":{"@id":"https:\/\/www.encontrasaogoncalo.com.br\/prefeitura-de-sao-goncalo\/contra-cheque-prefeitura-de-sao-goncalo\/#breadcrumb"},"inLanguage":"pt-BR","potentialAction":[{"@type":"ReadAction","target":["https:\/\/www.encontrasaogoncalo.com.br\/prefeitura-de-sao-goncalo\/contra-cheque-prefeitura-de-sao-goncalo\/"]}]},{"@type":"ImageObject","inLanguage":"pt-BR","@id":"https:\/\/www.encontrasaogoncalo.com.br\/prefeitura-de-sao-goncalo\/contra-cheque-prefeitura-de-sao-goncalo\/#primaryimage","url":"http:\/\/www.prefeituradesaogoncalo.org\/wp-content\/uploads\/2017\/02\/contra-cheque.jpg","contentUrl":"http:\/\/www.prefeituradesaogoncalo.org\/wp-content\/uploads\/2017\/02\/contra-cheque.jpg"},{"@type":"BreadcrumbList","@id":"https:\/\/www.encontrasaogoncalo.com.br\/prefeitura-de-sao-goncalo\/contra-cheque-prefeitura-de-sao-goncalo\/#breadcrumb","itemListElement":[{"@type":"ListItem","position":1,"name":"In\u00edcio","item":"https:\/\/www.encontrasaogoncalo.com.br\/prefeitura-de-sao-goncalo\/"},{"@type":"ListItem","position":2,"name":"Contra Cheque Prefeitura de S&atilde;o Gon&ccedil;alo"}]},{"@type":"WebSite","@id":"https:\/\/www.encontrasaogoncalo.com.br\/prefeitura-de-sao-goncalo\/#website","url":"https:\/\/www.encontrasaogoncalo.com.br\/prefeitura-de-sao-goncalo\/","name":"S\u00e3oGon\u00e7alo","description":"Prefeitura Municipal de S&atilde;o Gon&ccedil;alo","potentialAction":[{"@type":"SearchAction","target":{"@type":"EntryPoint","urlTemplate":"https:\/\/www.encontrasaogoncalo.com.br\/prefeitura-de-sao-goncalo\/?s={search_term_string}"},"query-input":{"@type":"PropertyValueSpecification","valueRequired":true,"valueName":"search_term_string"}}],"inLanguage":"pt-BR"}]}},"_links":{"self":[{"href":"https:\/\/www.encontrasaogoncalo.com.br\/prefeitura-de-sao-goncalo\/wp-json\/wp\/v2\/pages\/535","targetHints":{"allow":["GET"]}}],"collection":[{"href":"https:\/\/www.encontrasaogoncalo.com.br\/prefeitura-de-sao-goncalo\/wp-json\/wp\/v2\/pages"}],"about":[{"href":"https:\/\/www.encontrasaogoncalo.com.br\/prefeitura-de-sao-goncalo\/wp-json\/wp\/v2\/types\/page"}],"author":[{"embeddable":true,"href":"https:\/\/www.encontrasaogoncalo.com.br\/prefeitura-de-sao-goncalo\/wp-json\/wp\/v2\/users\/1"}],"replies":[{"embeddable":true,"href":"https:\/\/www.encontrasaogoncalo.com.br\/prefeitura-de-sao-goncalo\/wp-json\/wp\/v2\/comments?post=535"}],"version-history":[{"count":2,"href":"https:\/\/www.encontrasaogoncalo.com.br\/prefeitura-de-sao-goncalo\/wp-json\/wp\/v2\/pages\/535\/revisions"}],"predecessor-version":[{"id":662,"href":"https:\/\/www.encontrasaogoncalo.com.br\/prefeitura-de-sao-goncalo\/wp-json\/wp\/v2\/pages\/535\/revisions\/662"}],"wp:attachment":[{"href":"https:\/\/www.encontrasaogoncalo.com.br\/prefeitura-de-sao-goncalo\/wp-json\/wp\/v2\/media?parent=535"}],"curies":[{"name":"wp","href":"https:\/\/api.w.org\/{rel}","templated":true}]}}