{"id":77,"date":"2017-01-02T14:24:42","date_gmt":"2017-01-02T16:24:42","guid":{"rendered":"http:\/\/www.prefeituradesaogoncalo.org\/?page_id=77"},"modified":"2017-08-24T19:36:37","modified_gmt":"2017-08-24T22:36:37","slug":"vagas-de-emprego-sao-goncalo","status":"publish","type":"page","link":"https:\/\/www.encontrasaogoncalo.com.br\/prefeitura-de-sao-goncalo\/vagas-de-emprego-sao-goncalo\/","title":{"rendered":"Vagas de Emprego S&atilde;o Gon&ccedil;alo"},"content":{"rendered":"<h1>Consulta de Vagas de Emprego &#8211; Prefeitura de S\u00e3o Gon\u00e7alo<\/h1>\n<p><img loading=\"lazy\" decoding=\"async\" class=\"alignleft wp-image-373\" src=\"http:\/\/www.prefeituradesaogoncalo.org\/wp-content\/uploads\/2017\/01\/vagas_emprego-300x207.jpg\" alt=\"Consulta de Vagas de Emprego - Prefeitura Municipal de S\u00e3o Gon\u00e7alo\" width=\"295\" height=\"203\" srcset=\"https:\/\/www.encontrasaogoncalo.com.br\/prefeitura-de-sao-goncalo\/wp-content\/uploads\/2017\/01\/vagas_emprego-300x207.jpg 300w, https:\/\/www.encontrasaogoncalo.com.br\/prefeitura-de-sao-goncalo\/wp-content\/uploads\/2017\/01\/vagas_emprego.jpg 766w\" sizes=\"auto, (max-width: 295px) 100vw, 295px\" \/>A Ag\u00eancia de Emprego de S\u00e3o Gon\u00e7alo divulga, diariamente, a rela\u00e7\u00e3o de <a href=\"https:\/\/www.encontrasaogoncalo.com.br\/prefeitura-de-sao-goncalo\/vagas-de-emprego-sao-goncalo\/\">vagas de emprego para a prefeitura municipal de S\u00e3o Gon\u00e7alo<\/a> dispon\u00edveis para servi\u00e7os e atividades profissionais em S\u00e3o Gon\u00e7alo e Regi\u00e3o Metropolitana. Essas oportunidades est\u00e3o sujeitas ao preenchimento imediato ou cancelamento.<\/p>\n<p>O importante \u00e9 estar cadastrado no banco de dados do sistema e ficar atento \u00e0s <em>vagas de emprego\u00a0da prefeitura de\u00a0S\u00e3o Gon\u00e7alo<\/em> que v\u00e3o surgindo.<\/p>\n<p>O <strong>Sistema Nacional de Emprego &#8211; SINE<\/strong> \u00e9 um programa do <em>Governo Federal<\/em> que disp\u00f5e de um conjunto de a\u00e7\u00f5es voltadas para facilitar a inser\u00e7\u00e3o ou reinser\u00e7\u00e3o dos trabalhadores no mercado de trabalho, al\u00e9m de garantir a sobreviv\u00eancia do trabalhador durante o tempo de procura de um novo emprego, atrav\u00e9s do cadastramento e encaminhamento para emprego e do atendimento ao Seguro-Desemprego.<\/p>\n<p>O SINE \u00e9 coordenado pela <span style=\"text-decoration: underline;\">Secretaria de Estado de Desenvolvimento Social \u2013 SEDESE<\/span>, que disponibiliza gratuitamente os seguintes servi\u00e7os:<\/p>\n<p>* Intermedia\u00e7\u00e3o de M\u00e3o-de-obra<br \/>\n* Orienta\u00e7\u00e3o Profissional<br \/>\n* Seguro-Desemprego<br \/>\n* Qualifica\u00e7\u00e3o Social e Profissional<br \/>\n* Fomento \u00e0 Economia Popular Solid\u00e1ria<br \/>\n* Pesquisa e informa\u00e7\u00f5es sobre o mercado de trabalho<\/p>\n<p>Os interessados devem procurar:<\/p>\n<p><strong>SINE S\u00c3O GON\u00c7ALO &#8211;\u00a0PARTAGE SHOPPING<\/strong><br \/>\nEndere\u00e7o: Rua Sime\u00e3o Cust\u00f3dio, 38<br \/>\nBairro: Centro, S\u00e3o Gon\u00e7alo &#8211; RJ<br \/>\nTelefone: (21) 98606-5630<\/p>\n<p>&nbsp;<\/p>\n","protected":false},"excerpt":{"rendered":"<p>Consulta de Vagas de Emprego &#8211; Prefeitura de S\u00e3o Gon\u00e7alo A Ag\u00eancia de Emprego de S\u00e3o Gon\u00e7alo divulga, diariamente, a rela\u00e7\u00e3o de vagas de emprego para a prefeitura municipal de S\u00e3o Gon\u00e7alo dispon\u00edveis para servi\u00e7os e atividades profissionais em S\u00e3o Gon\u00e7alo e Regi\u00e3o Metropolitana. Essas oportunidades est\u00e3o sujeitas ao preenchimento imediato ou cancelamento. O importante [&hellip;]<\/p>\n","protected":false},"author":1,"featured_media":0,"parent":0,"menu_order":0,"comment_status":"closed","ping_status":"closed","template":"","meta":{"footnotes":""},"class_list":["post-77","page","type-page","status-publish","hentry"],"yoast_head":"<!-- This site is optimized with the Yoast SEO plugin v26.0 - https:\/\/yoast.com\/wordpress\/plugins\/seo\/ -->\n<title>Vagas de Emprego S\u00e3o Gon\u00e7alo - Prefeitura de S\u00e3o Gon\u00e7alo - RJ<\/title>\n<meta name=\"description\" content=\"Consulte endere\u00e7os, telefone e hor\u00e1rio de atendimento de Ag\u00eancias de Emprego de S\u00e3o Gon\u00e7alo que divulgam vagas na prefeitura municipal de S\u00e3o Gon\u00e7alo.\" \/>\n<meta name=\"robots\" content=\"index, follow, max-snippet:-1, max-image-preview:large, max-video-preview:-1\" \/>\n<link rel=\"canonical\" href=\"https:\/\/www.encontrasaogoncalo.com.br\/prefeitura-de-sao-goncalo\/vagas-de-emprego-sao-goncalo\/\" \/>\n<meta property=\"og:locale\" content=\"pt_BR\" \/>\n<meta property=\"og:type\" content=\"article\" \/>\n<meta property=\"og:title\" content=\"Vagas de Emprego S\u00e3o Gon\u00e7alo - Prefeitura de S\u00e3o Gon\u00e7alo - RJ\" \/>\n<meta property=\"og:description\" content=\"Consulte endere\u00e7os, telefone e hor\u00e1rio de atendimento de Ag\u00eancias de Emprego de S\u00e3o Gon\u00e7alo que divulgam vagas na prefeitura municipal de S\u00e3o Gon\u00e7alo.\" \/>\n<meta property=\"og:url\" content=\"https:\/\/www.encontrasaogoncalo.com.br\/prefeitura-de-sao-goncalo\/vagas-de-emprego-sao-goncalo\/\" \/>\n<meta property=\"og:site_name\" content=\"S\u00e3oGon\u00e7alo\" \/>\n<meta property=\"article:modified_time\" content=\"2017-08-24T22:36:37+00:00\" \/>\n<meta property=\"og:image\" content=\"http:\/\/www.prefeituradesaogoncalo.org\/wp-content\/uploads\/2017\/01\/vagas_emprego-300x207.jpg\" \/>\n<meta name=\"twitter:card\" content=\"summary_large_image\" \/>\n<meta name=\"twitter:label1\" content=\"Est. tempo de leitura\" \/>\n\t<meta name=\"twitter:data1\" content=\"1 minuto\" \/>\n<script type=\"application\/ld+json\" class=\"yoast-schema-graph\">{\"@context\":\"https:\/\/schema.org\",\"@graph\":[{\"@type\":\"WebPage\",\"@id\":\"https:\/\/www.encontrasaogoncalo.com.br\/prefeitura-de-sao-goncalo\/vagas-de-emprego-sao-goncalo\/\",\"url\":\"https:\/\/www.encontrasaogoncalo.com.br\/prefeitura-de-sao-goncalo\/vagas-de-emprego-sao-goncalo\/\",\"name\":\"Vagas de Emprego S\u00e3o Gon\u00e7alo - Prefeitura de S\u00e3o Gon\u00e7alo - RJ\",\"isPartOf\":{\"@id\":\"https:\/\/www.encontrasaogoncalo.com.br\/prefeitura-de-sao-goncalo\/#website\"},\"primaryImageOfPage\":{\"@id\":\"https:\/\/www.encontrasaogoncalo.com.br\/prefeitura-de-sao-goncalo\/vagas-de-emprego-sao-goncalo\/#primaryimage\"},\"image\":{\"@id\":\"https:\/\/www.encontrasaogoncalo.com.br\/prefeitura-de-sao-goncalo\/vagas-de-emprego-sao-goncalo\/#primaryimage\"},\"thumbnailUrl\":\"http:\/\/www.prefeituradesaogoncalo.org\/wp-content\/uploads\/2017\/01\/vagas_emprego-300x207.jpg\",\"datePublished\":\"2017-01-02T16:24:42+00:00\",\"dateModified\":\"2017-08-24T22:36:37+00:00\",\"description\":\"Consulte endere\u00e7os, telefone e hor\u00e1rio de atendimento de Ag\u00eancias de Emprego de S\u00e3o Gon\u00e7alo que divulgam vagas na prefeitura municipal de S\u00e3o Gon\u00e7alo.\",\"breadcrumb\":{\"@id\":\"https:\/\/www.encontrasaogoncalo.com.br\/prefeitura-de-sao-goncalo\/vagas-de-emprego-sao-goncalo\/#breadcrumb\"},\"inLanguage\":\"pt-BR\",\"potentialAction\":[{\"@type\":\"ReadAction\",\"target\":[\"https:\/\/www.encontrasaogoncalo.com.br\/prefeitura-de-sao-goncalo\/vagas-de-emprego-sao-goncalo\/\"]}]},{\"@type\":\"ImageObject\",\"inLanguage\":\"pt-BR\",\"@id\":\"https:\/\/www.encontrasaogoncalo.com.br\/prefeitura-de-sao-goncalo\/vagas-de-emprego-sao-goncalo\/#primaryimage\",\"url\":\"http:\/\/www.prefeituradesaogoncalo.org\/wp-content\/uploads\/2017\/01\/vagas_emprego-300x207.jpg\",\"contentUrl\":\"http:\/\/www.prefeituradesaogoncalo.org\/wp-content\/uploads\/2017\/01\/vagas_emprego-300x207.jpg\"},{\"@type\":\"BreadcrumbList\",\"@id\":\"https:\/\/www.encontrasaogoncalo.com.br\/prefeitura-de-sao-goncalo\/vagas-de-emprego-sao-goncalo\/#breadcrumb\",\"itemListElement\":[{\"@type\":\"ListItem\",\"position\":1,\"name\":\"In\u00edcio\",\"item\":\"https:\/\/www.encontrasaogoncalo.com.br\/prefeitura-de-sao-goncalo\/\"},{\"@type\":\"ListItem\",\"position\":2,\"name\":\"Vagas de Emprego S&atilde;o Gon&ccedil;alo\"}]},{\"@type\":\"WebSite\",\"@id\":\"https:\/\/www.encontrasaogoncalo.com.br\/prefeitura-de-sao-goncalo\/#website\",\"url\":\"https:\/\/www.encontrasaogoncalo.com.br\/prefeitura-de-sao-goncalo\/\",\"name\":\"S\u00e3oGon\u00e7alo\",\"description\":\"Prefeitura Municipal de S&atilde;o Gon&ccedil;alo\",\"potentialAction\":[{\"@type\":\"SearchAction\",\"target\":{\"@type\":\"EntryPoint\",\"urlTemplate\":\"https:\/\/www.encontrasaogoncalo.com.br\/prefeitura-de-sao-goncalo\/?s={search_term_string}\"},\"query-input\":{\"@type\":\"PropertyValueSpecification\",\"valueRequired\":true,\"valueName\":\"search_term_string\"}}],\"inLanguage\":\"pt-BR\"}]}<\/script>\n<!-- \/ Yoast SEO plugin. -->","yoast_head_json":{"title":"Vagas de Emprego S\u00e3o Gon\u00e7alo - Prefeitura de S\u00e3o Gon\u00e7alo - RJ","description":"Consulte endere\u00e7os, telefone e hor\u00e1rio de atendimento de Ag\u00eancias de Emprego de S\u00e3o Gon\u00e7alo que divulgam vagas na prefeitura municipal de S\u00e3o Gon\u00e7alo.","robots":{"index":"index","follow":"follow","max-snippet":"max-snippet:-1","max-image-preview":"max-image-preview:large","max-video-preview":"max-video-preview:-1"},"canonical":"https:\/\/www.encontrasaogoncalo.com.br\/prefeitura-de-sao-goncalo\/vagas-de-emprego-sao-goncalo\/","og_locale":"pt_BR","og_type":"article","og_title":"Vagas de Emprego S\u00e3o Gon\u00e7alo - Prefeitura de S\u00e3o Gon\u00e7alo - RJ","og_description":"Consulte endere\u00e7os, telefone e hor\u00e1rio de atendimento de Ag\u00eancias de Emprego de S\u00e3o Gon\u00e7alo que divulgam vagas na prefeitura municipal de S\u00e3o Gon\u00e7alo.","og_url":"https:\/\/www.encontrasaogoncalo.com.br\/prefeitura-de-sao-goncalo\/vagas-de-emprego-sao-goncalo\/","og_site_name":"S\u00e3oGon\u00e7alo","article_modified_time":"2017-08-24T22:36:37+00:00","og_image":[{"url":"http:\/\/www.prefeituradesaogoncalo.org\/wp-content\/uploads\/2017\/01\/vagas_emprego-300x207.jpg","type":"","width":"","height":""}],"twitter_card":"summary_large_image","twitter_misc":{"Est. tempo de leitura":"1 minuto"},"schema":{"@context":"https:\/\/schema.org","@graph":[{"@type":"WebPage","@id":"https:\/\/www.encontrasaogoncalo.com.br\/prefeitura-de-sao-goncalo\/vagas-de-emprego-sao-goncalo\/","url":"https:\/\/www.encontrasaogoncalo.com.br\/prefeitura-de-sao-goncalo\/vagas-de-emprego-sao-goncalo\/","name":"Vagas de Emprego S\u00e3o Gon\u00e7alo - Prefeitura de S\u00e3o Gon\u00e7alo - RJ","isPartOf":{"@id":"https:\/\/www.encontrasaogoncalo.com.br\/prefeitura-de-sao-goncalo\/#website"},"primaryImageOfPage":{"@id":"https:\/\/www.encontrasaogoncalo.com.br\/prefeitura-de-sao-goncalo\/vagas-de-emprego-sao-goncalo\/#primaryimage"},"image":{"@id":"https:\/\/www.encontrasaogoncalo.com.br\/prefeitura-de-sao-goncalo\/vagas-de-emprego-sao-goncalo\/#primaryimage"},"thumbnailUrl":"http:\/\/www.prefeituradesaogoncalo.org\/wp-content\/uploads\/2017\/01\/vagas_emprego-300x207.jpg","datePublished":"2017-01-02T16:24:42+00:00","dateModified":"2017-08-24T22:36:37+00:00","description":"Consulte endere\u00e7os, telefone e hor\u00e1rio de atendimento de Ag\u00eancias de Emprego de S\u00e3o Gon\u00e7alo que divulgam vagas na prefeitura municipal de S\u00e3o Gon\u00e7alo.","breadcrumb":{"@id":"https:\/\/www.encontrasaogoncalo.com.br\/prefeitura-de-sao-goncalo\/vagas-de-emprego-sao-goncalo\/#breadcrumb"},"inLanguage":"pt-BR","potentialAction":[{"@type":"ReadAction","target":["https:\/\/www.encontrasaogoncalo.com.br\/prefeitura-de-sao-goncalo\/vagas-de-emprego-sao-goncalo\/"]}]},{"@type":"ImageObject","inLanguage":"pt-BR","@id":"https:\/\/www.encontrasaogoncalo.com.br\/prefeitura-de-sao-goncalo\/vagas-de-emprego-sao-goncalo\/#primaryimage","url":"http:\/\/www.prefeituradesaogoncalo.org\/wp-content\/uploads\/2017\/01\/vagas_emprego-300x207.jpg","contentUrl":"http:\/\/www.prefeituradesaogoncalo.org\/wp-content\/uploads\/2017\/01\/vagas_emprego-300x207.jpg"},{"@type":"BreadcrumbList","@id":"https:\/\/www.encontrasaogoncalo.com.br\/prefeitura-de-sao-goncalo\/vagas-de-emprego-sao-goncalo\/#breadcrumb","itemListElement":[{"@type":"ListItem","position":1,"name":"In\u00edcio","item":"https:\/\/www.encontrasaogoncalo.com.br\/prefeitura-de-sao-goncalo\/"},{"@type":"ListItem","position":2,"name":"Vagas de Emprego S&atilde;o Gon&ccedil;alo"}]},{"@type":"WebSite","@id":"https:\/\/www.encontrasaogoncalo.com.br\/prefeitura-de-sao-goncalo\/#website","url":"https:\/\/www.encontrasaogoncalo.com.br\/prefeitura-de-sao-goncalo\/","name":"S\u00e3oGon\u00e7alo","description":"Prefeitura Municipal de S&atilde;o Gon&ccedil;alo","potentialAction":[{"@type":"SearchAction","target":{"@type":"EntryPoint","urlTemplate":"https:\/\/www.encontrasaogoncalo.com.br\/prefeitura-de-sao-goncalo\/?s={search_term_string}"},"query-input":{"@type":"PropertyValueSpecification","valueRequired":true,"valueName":"search_term_string"}}],"inLanguage":"pt-BR"}]}},"_links":{"self":[{"href":"https:\/\/www.encontrasaogoncalo.com.br\/prefeitura-de-sao-goncalo\/wp-json\/wp\/v2\/pages\/77","targetHints":{"allow":["GET"]}}],"collection":[{"href":"https:\/\/www.encontrasaogoncalo.com.br\/prefeitura-de-sao-goncalo\/wp-json\/wp\/v2\/pages"}],"about":[{"href":"https:\/\/www.encontrasaogoncalo.com.br\/prefeitura-de-sao-goncalo\/wp-json\/wp\/v2\/types\/page"}],"author":[{"embeddable":true,"href":"https:\/\/www.encontrasaogoncalo.com.br\/prefeitura-de-sao-goncalo\/wp-json\/wp\/v2\/users\/1"}],"replies":[{"embeddable":true,"href":"https:\/\/www.encontrasaogoncalo.com.br\/prefeitura-de-sao-goncalo\/wp-json\/wp\/v2\/comments?post=77"}],"version-history":[{"count":2,"href":"https:\/\/www.encontrasaogoncalo.com.br\/prefeitura-de-sao-goncalo\/wp-json\/wp\/v2\/pages\/77\/revisions"}],"predecessor-version":[{"id":673,"href":"https:\/\/www.encontrasaogoncalo.com.br\/prefeitura-de-sao-goncalo\/wp-json\/wp\/v2\/pages\/77\/revisions\/673"}],"wp:attachment":[{"href":"https:\/\/www.encontrasaogoncalo.com.br\/prefeitura-de-sao-goncalo\/wp-json\/wp\/v2\/media?parent=77"}],"curies":[{"name":"wp","href":"https:\/\/api.w.org\/{rel}","templated":true}]}}